{"id":13044,"date":"2024-06-04T05:44:23","date_gmt":"2024-06-04T05:44:23","guid":{"rendered":"https:\/\/www.blam-audio.com\/?post_type=product&#038;p=13044"},"modified":"2026-02-24T14:22:15","modified_gmt":"2026-02-24T14:22:15","slug":"ex-400-amplifier-copie","status":"publish","type":"product","link":"https:\/\/www.blam-audio.com\/en\/produit\/ex-400-amplifier-copie\/","title":{"rendered":"P601 amplifier"},"content":{"rendered":"\t\t<div data-elementor-type=\"wp-post\" data-elementor-id=\"13044\" class=\"elementor elementor-13044 elementor-13043\">\n\t\t\t\t\t\t<section class=\"elementor-section elementor-top-section elementor-element elementor-element-9a4bc90 elementor-section-boxed elementor-section-height-default elementor-section-height-default\" data-id=\"9a4bc90\" data-element_type=\"section\" data-e-type=\"section\">\n\t\t\t\t\t\t<div class=\"elementor-container elementor-column-gap-default\">\n\t\t\t\t\t<div class=\"elementor-column elementor-col-100 elementor-top-column elementor-element elementor-element-c98d06d\" data-id=\"c98d06d\" data-element_type=\"column\" data-e-type=\"column\">\n\t\t\t<div class=\"elementor-widget-wrap elementor-element-populated\">\n\t\t\t\t\t\t<div class=\"elementor-element elementor-element-b93ddf1 elementor-widget elementor-widget-toggle\" data-id=\"b93ddf1\" data-element_type=\"widget\" data-e-type=\"widget\" data-widget_type=\"toggle.default\">\n\t\t\t\t<div class=\"elementor-widget-container\">\n\t\t\t\t\t\t\t<div class=\"elementor-toggle\">\n\t\t\t\t\t\t\t<div class=\"elementor-toggle-item\">\n\t\t\t\t\t<div id=\"elementor-tab-title-1941\" class=\"elementor-tab-title\" data-tab=\"1\" role=\"button\" aria-controls=\"elementor-tab-content-1941\" aria-expanded=\"false\">\n\t\t\t\t\t\t\t\t\t\t\t\t<span class=\"elementor-toggle-icon elementor-toggle-icon-left\" aria-hidden=\"true\">\n\t\t\t\t\t\t\t\t\t\t\t\t\t\t\t<span class=\"elementor-toggle-icon-closed\"><i class=\"fas fa-caret-right\"><\/i><\/span>\n\t\t\t\t\t\t\t\t<span class=\"elementor-toggle-icon-opened\"><i class=\"elementor-toggle-icon-opened fas fa-caret-up\"><\/i><\/span>\n\t\t\t\t\t\t\t\t\t\t\t\t\t<\/span>\n\t\t\t\t\t\t\t\t\t\t\t\t<a class=\"elementor-toggle-title\" tabindex=\"0\">P601 - Class D single-channel amplifier<\/a>\n\t\t\t\t\t<\/div>\n\n\t\t\t\t\t<div id=\"elementor-tab-content-1941\" class=\"elementor-tab-content elementor-clearfix\" data-tab=\"1\" role=\"region\" aria-labelledby=\"elementor-tab-title-1941\"><p>&#8211; Automatic start-up<br \/>&#8211; Low-level RCA inputs: 0.25-6 V<br \/>&#8211; High-level inputs: 4-8 V<br \/>&#8211; Power (4 \u03a9): 250 Watts RMS<br \/>&#8211; Power (2 \u03a9): 450 Watts RMS<br \/>&#8211; Bridge power (1 \u03a9): 600 Watts RMS<br \/>&#8211; Subsonic filter 10-50 Hz<br \/>&#8211; Low-pass filter: 35 Hz &#8211; 250 Hz<br \/>&#8211; Adjustable bass boost 0-12 dB (45 Hz)<br \/>&#8211; Signal-to-noise ratio: 90 dB<br \/>\u2022 THD &lt;  0.15%<br \/>&#8211; Protections: short-circuit \/ low impedance \/ thermal protection \/ reverse polarity<br \/>&#8211; Dimensions (L x W x H): 214 \u00d7 198 \u00d7 99 mm &#8211; 8.4&#8221; \u00d7 7.8&#8221;\u00d7 3.9&#8221;<\/p>\n<\/p>\n<p><strong>Included accessories:<\/strong><br \/>High-level input connector<br \/>Wired remote control included<br \/>User manual<\/p>\n<\/div>\n\t\t\t\t<\/div>\n\t\t\t\t\t\t\t\t<\/div>\n\t\t\t\t\t\t<\/div>\n\t\t\t\t<\/div>\n\t\t\t\t\t<\/div>\n\t\t<\/div>\n\t\t\t\t\t<\/div>\n\t\t<\/section>\n\t\t\t\t<section class=\"elementor-section elementor-top-section elementor-element elementor-element-2178c85 elementor-section-boxed elementor-section-height-default elementor-section-height-default\" data-id=\"2178c85\" data-element_type=\"section\" data-e-type=\"section\">\n\t\t\t\t\t\t<div class=\"elementor-container elementor-column-gap-default\">\n\t\t\t\t\t<div class=\"elementor-column elementor-col-100 elementor-top-column elementor-element elementor-element-423cf56\" data-id=\"423cf56\" data-element_type=\"column\" data-e-type=\"column\">\n\t\t\t<div class=\"elementor-widget-wrap elementor-element-populated\">\n\t\t\t\t\t\t<div class=\"elementor-element elementor-element-ba66afd elementor-widget elementor-widget-heading\" data-id=\"ba66afd\" data-element_type=\"widget\" data-e-type=\"widget\" data-widget_type=\"heading.default\">\n\t\t\t\t<div class=\"elementor-widget-container\">\n\t\t\t\t\t<h2 class=\"elementor-heading-title elementor-size-default\">Downloads<\/h2>\t\t\t\t<\/div>\n\t\t\t\t<\/div>\n\t\t\t\t\t<\/div>\n\t\t<\/div>\n\t\t\t\t\t<\/div>\n\t\t<\/section>\n\t\t\t\t<section class=\"elementor-section elementor-top-section elementor-element elementor-element-f4ac809 elementor-section-boxed elementor-section-height-default elementor-section-height-default\" data-id=\"f4ac809\" data-element_type=\"section\" data-e-type=\"section\">\n\t\t\t\t\t\t<div class=\"elementor-container elementor-column-gap-default\">\n\t\t\t\t\t<div class=\"elementor-column elementor-col-33 elementor-top-column elementor-element elementor-element-d42d685\" data-id=\"d42d685\" data-element_type=\"column\" data-e-type=\"column\">\n\t\t\t<div class=\"elementor-widget-wrap elementor-element-populated\">\n\t\t\t\t\t\t<div class=\"elementor-element elementor-element-f5398a3 elementor-widget elementor-widget-heading\" data-id=\"f5398a3\" data-element_type=\"widget\" data-e-type=\"widget\" data-widget_type=\"heading.default\">\n\t\t\t\t<div class=\"elementor-widget-container\">\n\t\t\t\t\t<h2 class=\"elementor-heading-title elementor-size-default\">Technical data sheet P601<\/h2>\t\t\t\t<\/div>\n\t\t\t\t<\/div>\n\t\t\t\t<div class=\"elementor-element elementor-element-d63a587 elementor-align-left elementor-widget__width-initial elementor-widget elementor-widget-button\" data-id=\"d63a587\" data-element_type=\"widget\" data-e-type=\"widget\" data-widget_type=\"button.default\">\n\t\t\t\t<div class=\"elementor-widget-container\">\n\t\t\t\t\t\t\t\t\t<div class=\"elementor-button-wrapper\">\n\t\t\t\t\t<a class=\"elementor-button elementor-button-link elementor-size-sm\" href=\"https:\/\/www.blam-audio.com\/download\/technical-datasheet-p601\/\">\n\t\t\t\t\t\t<span class=\"elementor-button-content-wrapper\">\n\t\t\t\t\t\t<span class=\"elementor-button-icon\">\n\t\t\t\t<i aria-hidden=\"true\" class=\"far fa-arrow-alt-circle-down\"><\/i>\t\t\t<\/span>\n\t\t\t\t\t\t\t\t\t<span class=\"elementor-button-text\">Download<\/span>\n\t\t\t\t\t<\/span>\n\t\t\t\t\t<\/a>\n\t\t\t\t<\/div>\n\t\t\t\t\t\t\t\t<\/div>\n\t\t\t\t<\/div>\n\t\t\t\t\t<\/div>\n\t\t<\/div>\n\t\t\t\t<div class=\"elementor-column elementor-col-33 elementor-top-column elementor-element elementor-element-edec8c5\" data-id=\"edec8c5\" data-element_type=\"column\" data-e-type=\"column\">\n\t\t\t<div class=\"elementor-widget-wrap elementor-element-populated\">\n\t\t\t\t\t\t<div class=\"elementor-element elementor-element-05bec00 elementor-widget elementor-widget-heading\" data-id=\"05bec00\" data-element_type=\"widget\" data-e-type=\"widget\" data-widget_type=\"heading.default\">\n\t\t\t\t<div class=\"elementor-widget-container\">\n\t\t\t\t\t<h2 class=\"elementor-heading-title elementor-size-default\">Technical data sheet P601<\/h2>\t\t\t\t<\/div>\n\t\t\t\t<\/div>\n\t\t\t\t<div class=\"elementor-element elementor-element-fe21f1b elementor-align-left elementor-widget__width-initial elementor-widget elementor-widget-button\" data-id=\"fe21f1b\" data-element_type=\"widget\" data-e-type=\"widget\" data-widget_type=\"button.default\">\n\t\t\t\t<div class=\"elementor-widget-container\">\n\t\t\t\t\t\t\t\t\t<div class=\"elementor-button-wrapper\">\n\t\t\t\t\t<a class=\"elementor-button elementor-button-link elementor-size-sm\" href=\"https:\/\/www.blam-audio.com\/download\/p601-usermanual\/\">\n\t\t\t\t\t\t<span class=\"elementor-button-content-wrapper\">\n\t\t\t\t\t\t<span class=\"elementor-button-icon\">\n\t\t\t\t<i aria-hidden=\"true\" class=\"far fa-arrow-alt-circle-down\"><\/i>\t\t\t<\/span>\n\t\t\t\t\t\t\t\t\t<span class=\"elementor-button-text\">Download<\/span>\n\t\t\t\t\t<\/span>\n\t\t\t\t\t<\/a>\n\t\t\t\t<\/div>\n\t\t\t\t\t\t\t\t<\/div>\n\t\t\t\t<\/div>\n\t\t\t\t\t<\/div>\n\t\t<\/div>\n\t\t\t\t<div class=\"elementor-column elementor-col-33 elementor-top-column elementor-element elementor-element-fc393a3\" data-id=\"fc393a3\" data-element_type=\"column\" data-e-type=\"column\">\n\t\t\t<div class=\"elementor-widget-wrap\">\n\t\t\t\t\t\t\t<\/div>\n\t\t<\/div>\n\t\t\t\t\t<\/div>\n\t\t<\/section>\n\t\t\t\t<section class=\"elementor-section elementor-top-section elementor-element elementor-element-363c291 ct-section-stretched elementor-section-full_width elementor-section-height-min-height elementor-hidden-mobile elementor-section-height-default elementor-section-items-middle\" data-id=\"363c291\" data-element_type=\"section\" data-e-type=\"section\" data-settings=\"{&quot;background_background&quot;:&quot;classic&quot;}\">\n\t\t\t\t\t\t<div class=\"elementor-container elementor-column-gap-no\">\n\t\t\t\t\t<div class=\"elementor-column elementor-col-100 elementor-top-column elementor-element elementor-element-6ba6e56\" data-id=\"6ba6e56\" data-element_type=\"column\" data-e-type=\"column\">\n\t\t\t<div class=\"elementor-widget-wrap elementor-element-populated\">\n\t\t\t\t\t\t<div class=\"elementor-element elementor-element-86e6979 elementor-widget__width-initial elementor-widget elementor-widget-heading\" data-id=\"86e6979\" data-element_type=\"widget\" data-e-type=\"widget\" data-widget_type=\"heading.default\">\n\t\t\t\t<div class=\"elementor-widget-container\">\n\t\t\t\t\t<h2 class=\"elementor-heading-title elementor-size-default\">Let yourself be transported by the French Sound <\/h2>\t\t\t\t<\/div>\n\t\t\t\t<\/div>\n\t\t\t\t<div class=\"elementor-element elementor-element-9981570 elementor-widget elementor-widget-button\" data-id=\"9981570\" data-element_type=\"widget\" data-e-type=\"widget\" data-widget_type=\"button.default\">\n\t\t\t\t<div class=\"elementor-widget-container\">\n\t\t\t\t\t\t\t\t\t<div class=\"elementor-button-wrapper\">\n\t\t\t\t\t<a class=\"elementor-button elementor-button-link elementor-size-sm\" href=\"https:\/\/www.blam-audio.com\/en\/car-audio\/\">\n\t\t\t\t\t\t<span class=\"elementor-button-content-wrapper\">\n\t\t\t\t\t\t\t\t\t<span class=\"elementor-button-text\">Discover<\/span>\n\t\t\t\t\t<\/span>\n\t\t\t\t\t<\/a>\n\t\t\t\t<\/div>\n\t\t\t\t\t\t\t\t<\/div>\n\t\t\t\t<\/div>\n\t\t\t\t\t<\/div>\n\t\t<\/div>\n\t\t\t\t\t<\/div>\n\t\t<\/section>\n\t\t\t\t<section class=\"elementor-section elementor-top-section elementor-element elementor-element-1435450 ct-section-stretched elementor-section-full_width elementor-section-height-min-height elementor-hidden-desktop elementor-hidden-tablet elementor-section-height-default elementor-section-items-middle\" data-id=\"1435450\" data-element_type=\"section\" data-e-type=\"section\" data-settings=\"{&quot;background_background&quot;:&quot;classic&quot;}\">\n\t\t\t\t\t\t<div class=\"elementor-container elementor-column-gap-no\">\n\t\t\t\t\t<div class=\"elementor-column elementor-col-100 elementor-top-column elementor-element elementor-element-4883036\" data-id=\"4883036\" data-element_type=\"column\" data-e-type=\"column\">\n\t\t\t<div class=\"elementor-widget-wrap elementor-element-populated\">\n\t\t\t\t\t\t<div class=\"elementor-element elementor-element-9412d54 elementor-widget__width-initial elementor-widget-mobile__width-initial elementor-widget elementor-widget-heading\" data-id=\"9412d54\" data-element_type=\"widget\" data-e-type=\"widget\" data-widget_type=\"heading.default\">\n\t\t\t\t<div class=\"elementor-widget-container\">\n\t\t\t\t\t<h2 class=\"elementor-heading-title elementor-size-default\">Let yourself be transported by the French Sound <\/h2>\t\t\t\t<\/div>\n\t\t\t\t<\/div>\n\t\t\t\t<div class=\"elementor-element elementor-element-f8e3295 elementor-widget elementor-widget-button\" data-id=\"f8e3295\" data-element_type=\"widget\" data-e-type=\"widget\" data-widget_type=\"button.default\">\n\t\t\t\t<div class=\"elementor-widget-container\">\n\t\t\t\t\t\t\t\t\t<div class=\"elementor-button-wrapper\">\n\t\t\t\t\t<a class=\"elementor-button elementor-button-link elementor-size-sm\" href=\"https:\/\/www.blam-audio.com\/en\/car-audio\/\">\n\t\t\t\t\t\t<span class=\"elementor-button-content-wrapper\">\n\t\t\t\t\t\t\t\t\t<span class=\"elementor-button-text\">Discover<\/span>\n\t\t\t\t\t<\/span>\n\t\t\t\t\t<\/a>\n\t\t\t\t<\/div>\n\t\t\t\t\t\t\t\t<\/div>\n\t\t\t\t<\/div>\n\t\t\t\t\t<\/div>\n\t\t<\/div>\n\t\t\t\t\t<\/div>\n\t\t<\/section>\n\t\t\t\t<\/div>\n\t\t","protected":false},"excerpt":{"rendered":"<p>The P601 amplifier is a Class D monoblock unit designed to efficiently power a subwoofer and enhance bass impact. Compatible with factory car radios, it delivers up to 600W RMS into 1 \u03a9 and offers comprehensive settings for precise bass control. <\/p>\n<p><strong>\u25cf Dedicated Class D mono amplifier for subwoofers, compatible with high and low levels<\/strong><br \/>\n<strong>\u25cf Power output: 250 W RMS at 4 \u03a9 \u2013 450 W at 2 \u03a9 \u2013 up to 600 W RMS at 1 \u03a9<\/strong><br \/>\n<strong>\u25cf Full settings: subsonic filter (10\u201350 Hz), low-pass filter (35\u2013250 Hz) and Bass Boost 0\u201312 dB<\/strong><br \/>\n<strong>\u25cf Controlled sound quality: S\/N 90 dB, THD&lt; 0.15% and complete electronic protection<\/strong><br \/>\n<strong>\u25cf Compact size 214 \u00d7 198 \u00d7 99 mm, wired remote control and high-level connector included<\/strong><\/p>\n<div style=\"height: 30px;\"><\/div>\n<style>\n.bouton-revendeur {\n    display: inline-block;\n    background-color: #000;       \n    color: #fff !important; \n    padding: 6px 23px;           \n    text-decoration: none;\n    font-weight: bold;\n    text-transform: uppercase;\n    border: 5px solid #000;       \/* Bordure noire *\/\n    box-shadow: 0 0 0 2px #000;   \/* Cadre noir visible autour *\/\n    border-radius: 4px;\n    transition: all 0.3s ease;\n    cursor: pointer;\n    line-height: 1;               \/* R\u00e9duit l'espace autour du texte *\/\n}<\/p>\n<p>.bouton-revendeur:hover {\n    background-color: #222;\n    transform: scale(1.05);\n}\n<\/style>\n<p><a href=\"https:\/\/www.blam-audio.com\/en\/find-us\/\" class=\"bouton-revendeur\">FIND A RESELLER<br \/>\n<\/a><\/p>\n<div style=\"height: 30px;\"><\/div>\n<p><img decoding=\"async\" class=\"wp-image-13319 alignnone lazyload\" data-src=\"https:\/\/www.blam-audio.com\/wp-content\/uploads\/2024\/11\/Image_20241105125627-267x300.png\" alt=\"\" width=\"56\" height=\"63\" src=\"data:image\/svg+xml;base64,PHN2ZyB3aWR0aD0iMSIgaGVpZ2h0PSIxIiB4bWxucz0iaHR0cDovL3d3dy53My5vcmcvMjAwMC9zdmciPjwvc3ZnPg==\" style=\"--smush-placeholder-width: 56px; --smush-placeholder-aspect-ratio: 56\/63;\">  <img decoding=\"async\" class=\"alignnone wp-image-14334 lazyload\" data-src=\"https:\/\/www.blam-audio.com\/wp-content\/uploads\/2024\/12\/Fichier-2-300x300.png\" alt=\"\" width=\"57\" height=\"57\" data-srcset=\"https:\/\/www.blam-audio.com\/wp-content\/uploads\/2024\/12\/Fichier-2-300x300.png 300w, https:\/\/www.blam-audio.com\/wp-content\/uploads\/2024\/12\/Fichier-2-100x100.png 100w, https:\/\/www.blam-audio.com\/wp-content\/uploads\/2024\/12\/Fichier-2-150x150.png 150w, https:\/\/www.blam-audio.com\/wp-content\/uploads\/2024\/12\/Fichier-2.png 318w\" data-sizes=\"(max-width: 57px) 100vw, 57px\" src=\"data:image\/svg+xml;base64,PHN2ZyB3aWR0aD0iMSIgaGVpZ2h0PSIxIiB4bWxucz0iaHR0cDovL3d3dy53My5vcmcvMjAwMC9zdmciPjwvc3ZnPg==\" style=\"--smush-placeholder-width: 57px; --smush-placeholder-aspect-ratio: 57\/57;\" \/><\/p>\n<div><strong>\u2714 Expertise developed since 2013<\/strong><\/div>\n<div>\u2714 Immersion thanks to the French Sound<\/div>\n","protected":false},"featured_media":20431,"template":"","meta":{"_monsterinsights_skip_tracking":false,"_monsterinsights_sitenote_active":false,"_monsterinsights_sitenote_note":"","_monsterinsights_sitenote_category":0},"product_brand":[],"product_cat":[266,371],"product_tag":[372],"class_list":{"0":"post-13044","1":"product","2":"type-product","3":"status-publish","4":"has-post-thumbnail","6":"product_cat-amplifier","7":"product_cat-power-en","8":"product_tag-power-en","10":"first","11":"instock","12":"shipping-taxable","13":"product-type-simple"},"_links":{"self":[{"href":"https:\/\/www.blam-audio.com\/en\/wp-json\/wp\/v2\/product\/13044","targetHints":{"allow":["GET"]}}],"collection":[{"href":"https:\/\/www.blam-audio.com\/en\/wp-json\/wp\/v2\/product"}],"about":[{"href":"https:\/\/www.blam-audio.com\/en\/wp-json\/wp\/v2\/types\/product"}],"version-history":[{"count":6,"href":"https:\/\/www.blam-audio.com\/en\/wp-json\/wp\/v2\/product\/13044\/revisions"}],"predecessor-version":[{"id":20434,"href":"https:\/\/www.blam-audio.com\/en\/wp-json\/wp\/v2\/product\/13044\/revisions\/20434"}],"wp:featuredmedia":[{"embeddable":true,"href":"https:\/\/www.blam-audio.com\/en\/wp-json\/wp\/v2\/media\/20431"}],"wp:attachment":[{"href":"https:\/\/www.blam-audio.com\/en\/wp-json\/wp\/v2\/media?parent=13044"}],"wp:term":[{"taxonomy":"product_brand","embeddable":true,"href":"https:\/\/www.blam-audio.com\/en\/wp-json\/wp\/v2\/product_brand?post=13044"},{"taxonomy":"product_cat","embeddable":true,"href":"https:\/\/www.blam-audio.com\/en\/wp-json\/wp\/v2\/product_cat?post=13044"},{"taxonomy":"product_tag","embeddable":true,"href":"https:\/\/www.blam-audio.com\/en\/wp-json\/wp\/v2\/product_tag?post=13044"}],"curies":[{"name":"wp","href":"https:\/\/api.w.org\/{rel}","templated":true}]}}