{"id":13062,"date":"2024-06-04T09:40:36","date_gmt":"2024-06-04T09:40:36","guid":{"rendered":"https:\/\/www.blam-audio.com\/?post_type=product&#038;p=13062"},"modified":"2026-03-23T08:19:38","modified_gmt":"2026-03-23T08:19:38","slug":"ex-400-amplifier-copie-copie-copie","status":"publish","type":"product","link":"https:\/\/www.blam-audio.com\/en\/produit\/ex-400-amplifier-copie-copie-copie\/","title":{"rendered":"DSP4 amplifier"},"content":{"rendered":"\t\t<div data-elementor-type=\"wp-post\" data-elementor-id=\"13062\" class=\"elementor elementor-13062 elementor-13061\">\n\t\t\t\t\t\t<section class=\"elementor-section elementor-top-section elementor-element elementor-element-7aca816 elementor-section-boxed elementor-section-height-default elementor-section-height-default\" data-id=\"7aca816\" data-element_type=\"section\" data-e-type=\"section\">\n\t\t\t\t\t\t<div class=\"elementor-container elementor-column-gap-default\">\n\t\t\t\t\t<div class=\"elementor-column elementor-col-100 elementor-top-column elementor-element elementor-element-dc74f15\" data-id=\"dc74f15\" data-element_type=\"column\" data-e-type=\"column\">\n\t\t\t<div class=\"elementor-widget-wrap elementor-element-populated\">\n\t\t\t\t\t\t<div class=\"elementor-element elementor-element-6f6b17f elementor-widget elementor-widget-toggle\" data-id=\"6f6b17f\" data-element_type=\"widget\" data-e-type=\"widget\" data-widget_type=\"toggle.default\">\n\t\t\t\t<div class=\"elementor-widget-container\">\n\t\t\t\t\t\t\t<div class=\"elementor-toggle\">\n\t\t\t\t\t\t\t<div class=\"elementor-toggle-item\">\n\t\t\t\t\t<div id=\"elementor-tab-title-1161\" class=\"elementor-tab-title\" data-tab=\"1\" role=\"button\" aria-controls=\"elementor-tab-content-1161\" aria-expanded=\"false\">\n\t\t\t\t\t\t\t\t\t\t\t\t<span class=\"elementor-toggle-icon elementor-toggle-icon-left\" aria-hidden=\"true\">\n\t\t\t\t\t\t\t\t\t\t\t\t\t\t\t<span class=\"elementor-toggle-icon-closed\"><i class=\"fas fa-caret-right\"><\/i><\/span>\n\t\t\t\t\t\t\t\t<span class=\"elementor-toggle-icon-opened\"><i class=\"elementor-toggle-icon-opened fas fa-caret-up\"><\/i><\/span>\n\t\t\t\t\t\t\t\t\t\t\t\t\t<\/span>\n\t\t\t\t\t\t\t\t\t\t\t\t<a class=\"elementor-toggle-title\" tabindex=\"0\">DSP 4 - 4-channel amplifier, 6 pre-amp outputs with DSP<\/a>\n\t\t\t\t\t<\/div>\n\n\t\t\t\t\t<div id=\"elementor-tab-content-1161\" class=\"elementor-tab-content elementor-clearfix\" data-tab=\"1\" role=\"region\" aria-labelledby=\"elementor-tab-title-1161\"><p>&#8211; Power (4 \u03a9): 4 x 75 Watts RMS<br \/>&#8211; Power (2 \u03a9): 4 x 120 Watts RMS<br \/>&#8211; 4 high-level inputs<br \/>&#8211; 2 low-level RCA inputs<br \/>&#8211; 6 low-level RCA outputs<br \/>\u2022 Frequency response: 22 Hz \u2013 20 kHz<br \/>&#8211; Distortion: 0.1<br \/>&#8211; Signal-to-noise ratio 95 dB<br \/>\u2022 Standby current &lt;0.4 mA<br \/>&#8211; Maximum current consumption 30 A<br \/>&#8211; Dimensions (L x W x H): 160 \u00d7 146 \u00d7 46 mm &#8211; 6.3&#8221; \u00d7 5.7&#8221;\u00d7 1.8&#8221;<br \/>\u2022 Control of DSP settings via the Bluetooth-connected smartphone app<br \/>&#8211; Time alignment adjustable from 0 to 20 ms for each loudspeaker and phase adjustment<br \/>&#8211; 15-band parametric graphic equalizer for 6 output channels<br \/>&#8211; Fully customizable filter from 6 to 48 dB\/octave Linkwitz, Riley, Butterworth &amp; Bessel on all outputs<br \/>\u2022 8 favorite settings that can be saved in the amplifier<br \/>\u2022 6 RCA outputs for connecting additional amplifiers (configurable to drive subwoofers)<br \/>\u2022 Input noise attenuation processing<\/p>\n<\/p>\n<p>Included accessories:<br \/>User manual<br \/>Audio streaming with the included BT receiver<br \/>Optional remote control<br \/>Optional Plug &amp; Play cable for installation in all vehicles without cutting the original wiring harness<\/p>\n<\/div>\n\t\t\t\t<\/div>\n\t\t\t\t\t\t\t\t<\/div>\n\t\t\t\t\t\t<\/div>\n\t\t\t\t<\/div>\n\t\t\t\t\t<\/div>\n\t\t<\/div>\n\t\t\t\t\t<\/div>\n\t\t<\/section>\n\t\t\t\t<section class=\"elementor-section elementor-top-section elementor-element elementor-element-dc1e779 elementor-section-boxed elementor-section-height-default elementor-section-height-default\" data-id=\"dc1e779\" data-element_type=\"section\" data-e-type=\"section\">\n\t\t\t\t\t\t<div class=\"elementor-container elementor-column-gap-default\">\n\t\t\t\t\t<div class=\"elementor-column elementor-col-100 elementor-top-column elementor-element elementor-element-86ba45d\" data-id=\"86ba45d\" data-element_type=\"column\" data-e-type=\"column\">\n\t\t\t<div class=\"elementor-widget-wrap elementor-element-populated\">\n\t\t\t\t\t\t<div class=\"elementor-element elementor-element-cbfe05c elementor-widget elementor-widget-heading\" data-id=\"cbfe05c\" data-element_type=\"widget\" data-e-type=\"widget\" data-widget_type=\"heading.default\">\n\t\t\t\t<div class=\"elementor-widget-container\">\n\t\t\t\t\t<h2 class=\"elementor-heading-title elementor-size-default\">Downloads<\/h2>\t\t\t\t<\/div>\n\t\t\t\t<\/div>\n\t\t\t\t\t<\/div>\n\t\t<\/div>\n\t\t\t\t\t<\/div>\n\t\t<\/section>\n\t\t\t\t<section class=\"elementor-section elementor-top-section elementor-element elementor-element-14fa361 elementor-section-boxed elementor-section-height-default elementor-section-height-default\" data-id=\"14fa361\" data-element_type=\"section\" data-e-type=\"section\">\n\t\t\t\t\t\t<div class=\"elementor-container elementor-column-gap-default\">\n\t\t\t\t\t<div class=\"elementor-column elementor-col-33 elementor-top-column elementor-element elementor-element-814bd78\" data-id=\"814bd78\" data-element_type=\"column\" data-e-type=\"column\">\n\t\t\t<div class=\"elementor-widget-wrap elementor-element-populated\">\n\t\t\t\t\t\t<div class=\"elementor-element elementor-element-6711ae3 elementor-widget elementor-widget-heading\" data-id=\"6711ae3\" data-element_type=\"widget\" data-e-type=\"widget\" data-widget_type=\"heading.default\">\n\t\t\t\t<div class=\"elementor-widget-container\">\n\t\t\t\t\t<h2 class=\"elementor-heading-title elementor-size-default\">DSP 4 Technical Specifications<\/h2>\t\t\t\t<\/div>\n\t\t\t\t<\/div>\n\t\t\t\t<div class=\"elementor-element elementor-element-1123882 elementor-align-left elementor-widget__width-initial elementor-widget elementor-widget-button\" data-id=\"1123882\" data-element_type=\"widget\" data-e-type=\"widget\" data-widget_type=\"button.default\">\n\t\t\t\t<div class=\"elementor-widget-container\">\n\t\t\t\t\t\t\t\t\t<div class=\"elementor-button-wrapper\">\n\t\t\t\t\t<a class=\"elementor-button elementor-button-link elementor-size-sm\" href=\"https:\/\/www.blam-audio.com\/download\/technical-datasheet-dsp-4\/?wpdmdl=18794&#038;refresh=69c0f75629d361774253910\">\n\t\t\t\t\t\t<span class=\"elementor-button-content-wrapper\">\n\t\t\t\t\t\t<span class=\"elementor-button-icon\">\n\t\t\t\t<i aria-hidden=\"true\" class=\"far fa-arrow-alt-circle-down\"><\/i>\t\t\t<\/span>\n\t\t\t\t\t\t\t\t\t<span class=\"elementor-button-text\">Download<\/span>\n\t\t\t\t\t<\/span>\n\t\t\t\t\t<\/a>\n\t\t\t\t<\/div>\n\t\t\t\t\t\t\t\t<\/div>\n\t\t\t\t<\/div>\n\t\t\t\t\t<\/div>\n\t\t<\/div>\n\t\t\t\t<div class=\"elementor-column elementor-col-33 elementor-top-column elementor-element elementor-element-83b61a4\" data-id=\"83b61a4\" data-element_type=\"column\" data-e-type=\"column\">\n\t\t\t<div class=\"elementor-widget-wrap elementor-element-populated\">\n\t\t\t\t\t\t<div class=\"elementor-element elementor-element-98f4117 elementor-widget elementor-widget-heading\" data-id=\"98f4117\" data-element_type=\"widget\" data-e-type=\"widget\" data-widget_type=\"heading.default\">\n\t\t\t\t<div class=\"elementor-widget-container\">\n\t\t\t\t\t<h2 class=\"elementor-heading-title elementor-size-default\">DSP 4 User Manual<\/h2>\t\t\t\t<\/div>\n\t\t\t\t<\/div>\n\t\t\t\t<div class=\"elementor-element elementor-element-48e885c elementor-align-left elementor-widget__width-initial elementor-widget elementor-widget-button\" data-id=\"48e885c\" data-element_type=\"widget\" data-e-type=\"widget\" data-widget_type=\"button.default\">\n\t\t\t\t<div class=\"elementor-widget-container\">\n\t\t\t\t\t\t\t\t\t<div class=\"elementor-button-wrapper\">\n\t\t\t\t\t<a class=\"elementor-button elementor-button-link elementor-size-sm\" href=\"https:\/\/www.blam-audio.com\/download\/dsp4-usermanual\/?wpdmdl=13058&#038;refresh=69c0f7685c15f1774253928\">\n\t\t\t\t\t\t<span class=\"elementor-button-content-wrapper\">\n\t\t\t\t\t\t<span class=\"elementor-button-icon\">\n\t\t\t\t<i aria-hidden=\"true\" class=\"far fa-arrow-alt-circle-down\"><\/i>\t\t\t<\/span>\n\t\t\t\t\t\t\t\t\t<span class=\"elementor-button-text\">Download<\/span>\n\t\t\t\t\t<\/span>\n\t\t\t\t\t<\/a>\n\t\t\t\t<\/div>\n\t\t\t\t\t\t\t\t<\/div>\n\t\t\t\t<\/div>\n\t\t\t\t\t<\/div>\n\t\t<\/div>\n\t\t\t\t<div class=\"elementor-column elementor-col-33 elementor-top-column elementor-element elementor-element-7e2b161\" data-id=\"7e2b161\" data-element_type=\"column\" data-e-type=\"column\">\n\t\t\t<div class=\"elementor-widget-wrap elementor-element-populated\">\n\t\t\t\t\t\t<div class=\"elementor-element elementor-element-0ca92b6 elementor-widget elementor-widget-heading\" data-id=\"0ca92b6\" data-element_type=\"widget\" data-e-type=\"widget\" data-widget_type=\"heading.default\">\n\t\t\t\t<div class=\"elementor-widget-container\">\n\t\t\t\t\t<h2 class=\"elementor-heading-title elementor-size-default\">Software DSP 4<\/h2>\t\t\t\t<\/div>\n\t\t\t\t<\/div>\n\t\t\t\t<div class=\"elementor-element elementor-element-0b75b13 elementor-align-left elementor-widget__width-initial elementor-widget elementor-widget-button\" data-id=\"0b75b13\" data-element_type=\"widget\" data-e-type=\"widget\" data-widget_type=\"button.default\">\n\t\t\t\t<div class=\"elementor-widget-container\">\n\t\t\t\t\t\t\t\t\t<div class=\"elementor-button-wrapper\">\n\t\t\t\t\t<a class=\"elementor-button elementor-button-link elementor-size-sm\" href=\"https:\/\/www.blam-audio.com\/download\/dsp-4-windows-software\/\">\n\t\t\t\t\t\t<span class=\"elementor-button-content-wrapper\">\n\t\t\t\t\t\t<span class=\"elementor-button-icon\">\n\t\t\t\t<i aria-hidden=\"true\" class=\"far fa-arrow-alt-circle-down\"><\/i>\t\t\t<\/span>\n\t\t\t\t\t\t\t\t\t<span class=\"elementor-button-text\">Download<\/span>\n\t\t\t\t\t<\/span>\n\t\t\t\t\t<\/a>\n\t\t\t\t<\/div>\n\t\t\t\t\t\t\t\t<\/div>\n\t\t\t\t<\/div>\n\t\t\t\t\t<\/div>\n\t\t<\/div>\n\t\t\t\t\t<\/div>\n\t\t<\/section>\n\t\t\t\t<section class=\"elementor-section elementor-top-section elementor-element elementor-element-29ffee7 ct-section-stretched elementor-section-full_width elementor-section-height-min-height elementor-hidden-mobile elementor-section-height-default elementor-section-items-middle\" data-id=\"29ffee7\" data-element_type=\"section\" data-e-type=\"section\" data-settings=\"{&quot;background_background&quot;:&quot;classic&quot;}\">\n\t\t\t\t\t\t<div class=\"elementor-container elementor-column-gap-no\">\n\t\t\t\t\t<div class=\"elementor-column elementor-col-100 elementor-top-column elementor-element elementor-element-2ba6545\" data-id=\"2ba6545\" data-element_type=\"column\" data-e-type=\"column\">\n\t\t\t<div class=\"elementor-widget-wrap elementor-element-populated\">\n\t\t\t\t\t\t<div class=\"elementor-element elementor-element-89da5fb elementor-widget__width-initial elementor-widget elementor-widget-heading\" data-id=\"89da5fb\" data-element_type=\"widget\" data-e-type=\"widget\" data-widget_type=\"heading.default\">\n\t\t\t\t<div class=\"elementor-widget-container\">\n\t\t\t\t\t<h2 class=\"elementor-heading-title elementor-size-default\">Let yourself be transported by the French Sound <\/h2>\t\t\t\t<\/div>\n\t\t\t\t<\/div>\n\t\t\t\t<div class=\"elementor-element elementor-element-6e37b22 elementor-widget elementor-widget-button\" data-id=\"6e37b22\" data-element_type=\"widget\" data-e-type=\"widget\" data-widget_type=\"button.default\">\n\t\t\t\t<div class=\"elementor-widget-container\">\n\t\t\t\t\t\t\t\t\t<div class=\"elementor-button-wrapper\">\n\t\t\t\t\t<a class=\"elementor-button elementor-button-link elementor-size-sm\" href=\"https:\/\/www.blam-audio.com\/en\/car-audio\/\">\n\t\t\t\t\t\t<span class=\"elementor-button-content-wrapper\">\n\t\t\t\t\t\t\t\t\t<span class=\"elementor-button-text\">Discover<\/span>\n\t\t\t\t\t<\/span>\n\t\t\t\t\t<\/a>\n\t\t\t\t<\/div>\n\t\t\t\t\t\t\t\t<\/div>\n\t\t\t\t<\/div>\n\t\t\t\t\t<\/div>\n\t\t<\/div>\n\t\t\t\t\t<\/div>\n\t\t<\/section>\n\t\t\t\t<section class=\"elementor-section elementor-top-section elementor-element elementor-element-b58b2b1 ct-section-stretched elementor-section-full_width elementor-section-height-min-height elementor-hidden-desktop elementor-hidden-tablet elementor-section-height-default elementor-section-items-middle\" data-id=\"b58b2b1\" data-element_type=\"section\" data-e-type=\"section\" data-settings=\"{&quot;background_background&quot;:&quot;classic&quot;}\">\n\t\t\t\t\t\t<div class=\"elementor-container elementor-column-gap-no\">\n\t\t\t\t\t<div class=\"elementor-column elementor-col-100 elementor-top-column elementor-element elementor-element-c51a415\" data-id=\"c51a415\" data-element_type=\"column\" data-e-type=\"column\">\n\t\t\t<div class=\"elementor-widget-wrap elementor-element-populated\">\n\t\t\t\t\t\t<div class=\"elementor-element elementor-element-847518e elementor-widget__width-initial elementor-widget-mobile__width-initial elementor-widget elementor-widget-heading\" data-id=\"847518e\" data-element_type=\"widget\" data-e-type=\"widget\" data-widget_type=\"heading.default\">\n\t\t\t\t<div class=\"elementor-widget-container\">\n\t\t\t\t\t<h2 class=\"elementor-heading-title elementor-size-default\">Let yourself be transported by the French Sound <\/h2>\t\t\t\t<\/div>\n\t\t\t\t<\/div>\n\t\t\t\t<div class=\"elementor-element elementor-element-9fb14cc elementor-widget elementor-widget-button\" data-id=\"9fb14cc\" data-element_type=\"widget\" data-e-type=\"widget\" data-widget_type=\"button.default\">\n\t\t\t\t<div class=\"elementor-widget-container\">\n\t\t\t\t\t\t\t\t\t<div class=\"elementor-button-wrapper\">\n\t\t\t\t\t<a class=\"elementor-button elementor-button-link elementor-size-sm\" href=\"https:\/\/www.blam-audio.com\/en\/car-audio\/\">\n\t\t\t\t\t\t<span class=\"elementor-button-content-wrapper\">\n\t\t\t\t\t\t\t\t\t<span class=\"elementor-button-text\">Discover<\/span>\n\t\t\t\t\t<\/span>\n\t\t\t\t\t<\/a>\n\t\t\t\t<\/div>\n\t\t\t\t\t\t\t\t<\/div>\n\t\t\t\t<\/div>\n\t\t\t\t\t<\/div>\n\t\t<\/div>\n\t\t\t\t\t<\/div>\n\t\t<\/section>\n\t\t\t\t<\/div>\n\t\t","protected":false},"excerpt":{"rendered":"<p>The DSP4 amplifier combines power and advanced audio processing thanks to its integrated DSP and numerous adjustment options. Compact and versatile, it delivers up to 4 x 120 W RMS into 2 \u03a9 and allows precise sound control via a Bluetooth app. <\/p>\n<p><strong>\u25cf 4-channel amplifier with integrated DSP and 6 pre-amplified outputs<\/strong><br \/>\n<strong>\u25cf Power output: 4 x 75 W RMS into 4 \u03a9 \u2013 4 x 120 W RMS into 2 \u03a9<\/strong><br \/>\n<strong>\u25cf Bluetooth-controllable DSP: 15-band equalizer, time alignment, customizable filters<\/strong><br \/>\n<strong>\u25cf 4 high-level inputs + 2 RCA inputs and 6 RCA outputs for expansion<\/strong><br \/>\n<strong>\u25cf Compact size 160 \u00d7 146 \u00d7 46 mm \u2013 BT receiver and Plug &amp; Play cable included, remote control optional<\/strong><\/p>\n<div style=\"height: 30px;\"><\/div>\n<style>\n.bouton-revendeur {\n    display: inline-block;\n    background-color: #000;       \n    color: #fff !important; \n    padding: 6px 23px;           \n    text-decoration: none;\n    font-weight: bold;\n    text-transform: uppercase;\n    border: 5px solid #000;       \/* Bordure noire *\/\n    box-shadow: 0 0 0 2px #000;   \/* Cadre noir visible autour *\/\n    border-radius: 4px;\n    transition: all 0.3s ease;\n    cursor: pointer;\n    line-height: 1;               \/* R\u00e9duit l'espace autour du texte *\/\n}<\/p>\n<p>.bouton-revendeur:hover {\n    background-color: #222;\n    transform: scale(1.05);\n}\n<\/style>\n<p><a href=\"https:\/\/www.blam-audio.com\/en\/find-us\/\" class=\"bouton-revendeur\">FIND A DEALER<br \/>\n<\/a><\/p>\n<div style=\"height: 30px;\"><\/div>\n<p><img decoding=\"async\" class=\"wp-image-13319 alignnone lazyload\" data-src=\"https:\/\/www.blam-audio.com\/wp-content\/uploads\/2024\/11\/Image_20241105125627-267x300.png\" alt=\"\" width=\"56\" height=\"63\" src=\"data:image\/svg+xml;base64,PHN2ZyB3aWR0aD0iMSIgaGVpZ2h0PSIxIiB4bWxucz0iaHR0cDovL3d3dy53My5vcmcvMjAwMC9zdmciPjwvc3ZnPg==\" style=\"--smush-placeholder-width: 56px; --smush-placeholder-aspect-ratio: 56\/63;\">  <img decoding=\"async\" class=\"alignnone wp-image-14334 lazyload\" data-src=\"https:\/\/www.blam-audio.com\/wp-content\/uploads\/2024\/12\/Fichier-2-300x300.png\" alt=\"\" width=\"57\" height=\"57\" data-srcset=\"https:\/\/www.blam-audio.com\/wp-content\/uploads\/2024\/12\/Fichier-2-300x300.png 300w, https:\/\/www.blam-audio.com\/wp-content\/uploads\/2024\/12\/Fichier-2-100x100.png 100w, https:\/\/www.blam-audio.com\/wp-content\/uploads\/2024\/12\/Fichier-2-150x150.png 150w, https:\/\/www.blam-audio.com\/wp-content\/uploads\/2024\/12\/Fichier-2.png 318w\" data-sizes=\"(max-width: 57px) 100vw, 57px\" src=\"data:image\/svg+xml;base64,PHN2ZyB3aWR0aD0iMSIgaGVpZ2h0PSIxIiB4bWxucz0iaHR0cDovL3d3dy53My5vcmcvMjAwMC9zdmciPjwvc3ZnPg==\" style=\"--smush-placeholder-width: 57px; --smush-placeholder-aspect-ratio: 57\/57;\" \/><\/p>\n<div><strong>\u2714 Expertise developed since 2013<\/strong><\/div>\n<div>\u2714 Immersion thanks to the French Sound<\/div>\n","protected":false},"featured_media":20423,"template":"","meta":{"_monsterinsights_skip_tracking":false,"_monsterinsights_sitenote_active":false,"_monsterinsights_sitenote_note":"","_monsterinsights_sitenote_category":0},"product_brand":[],"product_cat":[266,371],"product_tag":[372],"class_list":{"0":"post-13062","1":"product","2":"type-product","3":"status-publish","4":"has-post-thumbnail","6":"product_cat-amplifier","7":"product_cat-power-en","8":"product_tag-power-en","10":"first","11":"instock","12":"shipping-taxable","13":"product-type-simple"},"_links":{"self":[{"href":"https:\/\/www.blam-audio.com\/en\/wp-json\/wp\/v2\/product\/13062","targetHints":{"allow":["GET"]}}],"collection":[{"href":"https:\/\/www.blam-audio.com\/en\/wp-json\/wp\/v2\/product"}],"about":[{"href":"https:\/\/www.blam-audio.com\/en\/wp-json\/wp\/v2\/types\/product"}],"version-history":[{"count":8,"href":"https:\/\/www.blam-audio.com\/en\/wp-json\/wp\/v2\/product\/13062\/revisions"}],"predecessor-version":[{"id":21971,"href":"https:\/\/www.blam-audio.com\/en\/wp-json\/wp\/v2\/product\/13062\/revisions\/21971"}],"wp:featuredmedia":[{"embeddable":true,"href":"https:\/\/www.blam-audio.com\/en\/wp-json\/wp\/v2\/media\/20423"}],"wp:attachment":[{"href":"https:\/\/www.blam-audio.com\/en\/wp-json\/wp\/v2\/media?parent=13062"}],"wp:term":[{"taxonomy":"product_brand","embeddable":true,"href":"https:\/\/www.blam-audio.com\/en\/wp-json\/wp\/v2\/product_brand?post=13062"},{"taxonomy":"product_cat","embeddable":true,"href":"https:\/\/www.blam-audio.com\/en\/wp-json\/wp\/v2\/product_cat?post=13062"},{"taxonomy":"product_tag","embeddable":true,"href":"https:\/\/www.blam-audio.com\/en\/wp-json\/wp\/v2\/product_tag?post=13062"}],"curies":[{"name":"wp","href":"https:\/\/api.w.org\/{rel}","templated":true}]}}